{"id":9324,"date":"2024-07-17T12:29:46","date_gmt":"2024-07-17T12:29:46","guid":{"rendered":"https:\/\/cafection.com\/?page_id=9324"},"modified":"2024-07-18T15:34:35","modified_gmt":"2024-07-18T15:34:35","slug":"career","status":"publish","type":"page","link":"https:\/\/cafection.com\/fr\/career\/","title":{"rendered":"Carri\u00e8re"},"content":{"rendered":"<div class=\"wpb-content-wrapper\"><p>[vc_row section_content=\u00a0\u00bboutside_container\u00a0\u00bb no_padding=\u00a0\u00bbtrue\u00a0\u00bb bg_type=\u00a0\u00bb\u00a0\u00bb dima_canvas_style=\u00a0\u00bb\u00a0\u00bb translate_x=\u00a0\u00bb0&Prime; dima_z_index=\u00a0\u00bb0&Prime; delay=\u00a0\u00bb\u00a0\u00bb delay_duration=\u00a0\u00bb\u00a0\u00bb delay_offset=\u00a0\u00bb\u00a0\u00bb id=\u00a0\u00bb\u00a0\u00bb class=\u00a0\u00bb\u00a0\u00bb border_color=\u00a0\u00bb\u00a0\u00bb][vc_column min_height=\u00a0\u00bb\u00a0\u00bb bg_type=\u00a0\u00bb\u00a0\u00bb dima_canvas_style=\u00a0\u00bb\u00a0\u00bb translate_x=\u00a0\u00bb0&Prime; dima_z_index=\u00a0\u00bb0&Prime; delay=\u00a0\u00bb\u00a0\u00bb delay_duration=\u00a0\u00bb\u00a0\u00bb delay_offset=\u00a0\u00bb\u00a0\u00bb width=\u00a0\u00bb1\/1&Prime;]<div class=\"column-item overflow-hidden text-center\"><img loading=\"lazy\" decoding=\"async\" width=\"1920\" height=\"692\"  class=\"dima-img \" src=\"https:\/\/cafection.com\/wp-content\/uploads\/2024\/07\/Carriere_FR_DIM.jpg\"   alt=\"\"><\/div>[\/vc_column][\/vc_row][vc_row bg_type=\u00a0\u00bb\u00a0\u00bb dima_canvas_style=\u00a0\u00bb\u00a0\u00bb translate_x=\u00a0\u00bb0&Prime; dima_z_index=\u00a0\u00bb0&Prime; delay=\u00a0\u00bb\u00a0\u00bb delay_duration=\u00a0\u00bb\u00a0\u00bb delay_offset=\u00a0\u00bb\u00a0\u00bb id=\u00a0\u00bb\u00a0\u00bb class=\u00a0\u00bb\u00a0\u00bb border_color=\u00a0\u00bb\u00a0\u00bb][vc_column min_height=\u00a0\u00bb\u00a0\u00bb bg_type=\u00a0\u00bb\u00a0\u00bb dima_canvas_style=\u00a0\u00bb\u00a0\u00bb translate_x=\u00a0\u00bb0&Prime; dima_z_index=\u00a0\u00bb0&Prime; delay=\u00a0\u00bb\u00a0\u00bb delay_duration=\u00a0\u00bb\u00a0\u00bb delay_offset=\u00a0\u00bb\u00a0\u00bb width=\u00a0\u00bb1\/1&Prime;]<h2  class=\"dima-custom-heading\" ><\/p>\n<h2 style=\"text-align: center;\">B\u00e2tissez avec nous<\/h2>\n<p><\/h2><div  class=\"dima-divider topaz-line\" ><i  class=\"fa fa-stop\"><\/i><\/div><h5  class=\"dima-custom-heading text-center\" ><\/p>\n<h5 style=\"text-align: center;\">Joignez-vous \u00e0 l\u2019\u00e9quipe et aidez-nous \u00e0 infuser le monde du caf\u00e9 de demain.<\/h5>\n<p><\/h5><div  class=\"dima-clear\" style=\"padding-bottom:15px\"><\/div><div  class=\"dima-clear\" style=\"padding-bottom:15px\"><\/div>[vc_row_inner bg_type=\u00a0\u00bb\u00a0\u00bb dima_canvas_style=\u00a0\u00bb\u00a0\u00bb translate_x=\u00a0\u00bb0&Prime; dima_z_index=\u00a0\u00bb0&Prime;][vc_column_inner delay=\u00a0\u00bb\u00a0\u00bb delay_duration=\u00a0\u00bb\u00a0\u00bb delay_offset=\u00a0\u00bb\u00a0\u00bb visibility_xld=\u00a0\u00bbvisible\u00a0\u00bb visibility_ld=\u00a0\u00bbvisible\u00a0\u00bb visibility_md=\u00a0\u00bbvisible\u00a0\u00bb visibility_sd=\u00a0\u00bbhidden\u00a0\u00bb visibility_xsd=\u00a0\u00bbhidden\u00a0\u00bb translate_x=\u00a0\u00bb0&Prime; dima_z_index=\u00a0\u00bb0&Prime; width=\u00a0\u00bb1\/1&Prime; id=\u00a0\u00bb\u00a0\u00bb class=\u00a0\u00bb\u00a0\u00bb style=\u00a0\u00bb\u00a0\u00bb border_color=\u00a0\u00bb\u00a0\u00bb]<p>Chez Cafection, nous croyons que le caf\u00e9 ne se limite pas qu\u2019\u00e0 une simple boisson. Il peut inspirer, motiver, faire progresser, enrichir nos vies, stimuler la cr\u00e9ativit\u00e9 et rapprocher les gens. Ici, nous avons pour mission de faire vivre ces belles exp\u00e9riences \u00e0 tous, et ce, gr\u00e2ce au caf\u00e9.<\/p>\n<p>Pour r\u00e9aliser cette noble t\u00e2che, nous avons besoin d\u2019avancer \u00e0 petits pas avec des personnes au grand c\u0153ur. Voulez-vous joindre notre \u00e9quipe\u2009?<\/p>\n<div  class=\"dima-clear\" style=\"padding-bottom:15px\"><\/div><div  class=\"dima-clear\" style=\"padding-bottom:15px\"><\/div>[\/vc_column_inner][\/vc_row_inner][vc_row_inner bg_type=\u00a0\u00bb\u00a0\u00bb dima_canvas_style=\u00a0\u00bb\u00a0\u00bb translate_x=\u00a0\u00bb0&Prime; dima_z_index=\u00a0\u00bb0&Prime;][vc_column_inner delay=\u00a0\u00bb\u00a0\u00bb delay_duration=\u00a0\u00bb\u00a0\u00bb delay_offset=\u00a0\u00bb\u00a0\u00bb translate_x=\u00a0\u00bb0&Prime; dima_z_index=\u00a0\u00bb0&Prime; width=\u00a0\u00bb1\/1&Prime; id=\u00a0\u00bb\u00a0\u00bb class=\u00a0\u00bb\u00a0\u00bb style=\u00a0\u00bb\u00a0\u00bb border_color=\u00a0\u00bb\u00a0\u00bb]<a   data-direction=\"start\" class=\"dima-button stroke dima-btn-large\"  href=\"https:\/\/www.jobillico.com\/voir-entreprise\/evoca-group-amerique-du-nord\"  target=\"_blank\" rel=\"noopener\"  >Voir les postes offerts<\/a>[\/vc_column_inner][\/vc_row_inner][\/vc_column][\/vc_row][vc_section disable_element=\u00a0\u00bbyes\u00a0\u00bb][vc_row dark=\u00a0\u00bbtrue\u00a0\u00bb bg_type=\u00a0\u00bbbg_image\u00a0\u00bb dima_canvas_style=\u00a0\u00bb\u00a0\u00bb cover=\u00a0\u00bbtrue\u00a0\u00bb translate_x=\u00a0\u00bb0&Prime; dima_z_index=\u00a0\u00bb0&Prime; delay=\u00a0\u00bb\u00a0\u00bb delay_duration=\u00a0\u00bb\u00a0\u00bb delay_offset=\u00a0\u00bb\u00a0\u00bb top_and_bottom_padding=\u00a0\u00bb\u00a0\u00bb left_and_right_padding=\u00a0\u00bb\u00a0\u00bb parallax_start=\u00a0\u00bb20%\u00a0\u00bb parallax_center=\u00a0\u00bb40%\u00a0\u00bb parallax_end=\u00a0\u00bb60%\u00a0\u00bb class=\u00a0\u00bb\u00a0\u00bb style=\u00a0\u00bb\u00a0\u00bb bg_pattern=\u00a0\u00bb4973&Prime; id=\u00a0\u00bb\u00a0\u00bb di_bg_image=\u00a0\u00bb9309&Prime; border_color=\u00a0\u00bb\u00a0\u00bb][vc_column min_height=\u00a0\u00bb\u00a0\u00bb bg_type=\u00a0\u00bb\u00a0\u00bb dima_canvas_style=\u00a0\u00bb\u00a0\u00bb translate_x=\u00a0\u00bb0&Prime; dima_z_index=\u00a0\u00bb0&Prime; animation=\u00a0\u00bbfadeIn\u00a0\u00bb delay=\u00a0\u00bb200&Prime; delay_duration=\u00a0\u00bb\u00a0\u00bb delay_offset=\u00a0\u00bb\u00a0\u00bb top_and_bottom_padding=\u00a0\u00bb\u00a0\u00bb left_and_right_padding=\u00a0\u00bb\u00a0\u00bb width=\u00a0\u00bb1\/1&Prime; id=\u00a0\u00bb\u00a0\u00bb class=\u00a0\u00bb\u00a0\u00bb style=\u00a0\u00bb\u00a0\u00bb][vc_row_inner bg_type=\u00a0\u00bb\u00a0\u00bb dima_canvas_style=\u00a0\u00bb\u00a0\u00bb translate_x=\u00a0\u00bb0&Prime; dima_z_index=\u00a0\u00bb0&Prime;][vc_column_inner delay=\u00a0\u00bb\u00a0\u00bb delay_duration=\u00a0\u00bb\u00a0\u00bb delay_offset=\u00a0\u00bb\u00a0\u00bb translate_x=\u00a0\u00bb0&Prime; dima_z_index=\u00a0\u00bb0&Prime; width=\u00a0\u00bb1\/1&Prime;]<header  class=\"icon-box-header\" ><div class=\"image-cropper thumb  medium  \" ><img loading=\"lazy\" decoding=\"async\" class=\"background-image\" src=\"https:\/\/cafection.com\/wp-content\/uploads\/2024\/07\/Quote_Plan-de-travail-1.webp\" width=\"1250\" height=\"1250\" alt=\"\"><\/div><\/header>[\/vc_column_inner][\/vc_row_inner]<h2  class=\"dima-custom-heading\" ><\/p>\n<h2 style=\"text-align: center;\">What Our Employees Have to Say<\/h2>\n<p><\/h2><div  class=\"dima-clear\" style=\"padding-bottom:15px\"><\/div><div  class=\"dima-clear\" style=\"padding-bottom:15px\"><\/div><div  class=\"dima-flexslider\"><div  class=\"flexslider sample-slide small-control flexslider-1 dima-six-thumb\" data-dima-element=\"slider\" data-dima-params=\"{&quot;animation&quot;:&quot;slide&quot;,&quot;slideshowSpeed&quot;:&quot;7000&quot;,&quot;slideSpeed&quot;:&quot;600&quot;,&quot;controlNav&quot;:&quot;&quot;,&quot;directionNav&quot;:true,&quot;slideshow&quot;:true,&quot;random&quot;:false,&quot;is_rtl&quot;:false}\" ><ul class=\"slides\"><li data-thumb=\"https:\/\/cafection.com\/wp-content\/uploads\/2024\/04\/CoffeeSoluble.svg\"  class=\"slide-item\" ><div   class=\"dima-testimonial  quote-top-center-arrow text-center no-arrow quote-text no-arrow\"><blockquote  class=\"without-icon\"><div class=\"quote-content\"><p>Lorem ipsum dolor sit amet, consectetur adipisicing elit, sed do eiusmod tempor incididunt<\/p>\n<p>ut labore et dolore magna aliqua ut enim ad minim veniam<\/p><span class=\"dima-testimonial-meta\"><strong>John Doe<\/strong> <span><span> - <\/span>Designer<span><\/span><\/span><\/span><\/div><\/blockquote><\/div><\/li><li data-thumb=\"https:\/\/cafection.com\/wp-content\/uploads\/2024\/04\/CoffeeSoluble.svg\"  class=\"slide-item\" ><div   class=\"dima-testimonial  quote-top-center-arrow text-center no-arrow quote-text no-arrow\"><blockquote  class=\"without-icon\"><div class=\"quote-content\"><p>Lorem ipsum dolor sit amet, consectetur adipisicing elit, sed do eiusmod tempor incididunt<\/p>\n<p>ut labore et dolore magna aliqua ut enim ad minim veniam<\/p><span class=\"dima-testimonial-meta\"><strong>John Doe<\/strong> <span><span> - <\/span>Designer<span><\/span><\/span><\/span><\/div><\/blockquote><\/div><\/li><\/ul><\/div><\/div><div  class=\"dima-clear\" style=\"padding-bottom:15px\"><\/div><div  class=\"dima-clear\" style=\"padding-bottom:15px\"><\/div>[\/vc_column][\/vc_row][\/vc_section]<\/p>\n<\/div>","protected":false},"excerpt":{"rendered":"<p>[vc_row section_content=\u00a0\u00bboutside_container\u00a0\u00bb no_padding=\u00a0\u00bbtrue\u00a0\u00bb bg_type=\u00a0\u00bb\u00a0\u00bb dima_canvas_style=\u00a0\u00bb\u00a0\u00bb translate_x=\u00a0\u00bb0&Prime; dima_z_index=\u00a0\u00bb0&Prime; delay=\u00a0\u00bb\u00a0\u00bb delay_duration=\u00a0\u00bb\u00a0\u00bb delay_offset=\u00a0\u00bb\u00a0\u00bb id=\u00a0\u00bb\u00a0\u00bb class=\u00a0\u00bb\u00a0\u00bb border_color=\u00a0\u00bb\u00a0\u00bb][vc_column min_height=\u00a0\u00bb\u00a0\u00bb bg_type=\u00a0\u00bb\u00a0\u00bb dima_canvas_style=\u00a0\u00bb\u00a0\u00bb translate_x=\u00a0\u00bb0&Prime; dima_z_index=\u00a0\u00bb0&Prime; delay=\u00a0\u00bb\u00a0\u00bb delay_duration=\u00a0\u00bb\u00a0\u00bb delay_offset=\u00a0\u00bb\u00a0\u00bb width=\u00a0\u00bb1\/1&Prime;][\/vc_column][\/vc_row][vc_row bg_type=\u00a0\u00bb\u00a0\u00bb dima_canvas_style=\u00a0\u00bb\u00a0\u00bb translate_x=\u00a0\u00bb0&Prime; dima_z_index=\u00a0\u00bb0&Prime; delay=\u00a0\u00bb\u00a0\u00bb delay_duration=\u00a0\u00bb\u00a0\u00bb delay_offset=\u00a0\u00bb\u00a0\u00bb id=\u00a0\u00bb\u00a0\u00bb class=\u00a0\u00bb\u00a0\u00bb border_color=\u00a0\u00bb\u00a0\u00bb][vc_column min_height=\u00a0\u00bb\u00a0\u00bb bg_type=\u00a0\u00bb\u00a0\u00bb dima_canvas_style=\u00a0\u00bb\u00a0\u00bb translate_x=\u00a0\u00bb0&Prime; dima_z_index=\u00a0\u00bb0&Prime; delay=\u00a0\u00bb\u00a0\u00bb delay_duration=\u00a0\u00bb\u00a0\u00bb delay_offset=\u00a0\u00bb\u00a0\u00bb width=\u00a0\u00bb1\/1&Prime;][vc_row_inner bg_type=\u00a0\u00bb\u00a0\u00bb dima_canvas_style=\u00a0\u00bb\u00a0\u00bb translate_x=\u00a0\u00bb0&Prime; dima_z_index=\u00a0\u00bb0&Prime;][vc_column_inner delay=\u00a0\u00bb\u00a0\u00bb delay_duration=\u00a0\u00bb\u00a0\u00bb delay_offset=\u00a0\u00bb\u00a0\u00bb visibility_xld=\u00a0\u00bbvisible\u00a0\u00bb visibility_ld=\u00a0\u00bbvisible\u00a0\u00bb visibility_md=\u00a0\u00bbvisible\u00a0\u00bb visibility_sd=\u00a0\u00bbhidden\u00a0\u00bb visibility_xsd=\u00a0\u00bbhidden\u00a0\u00bb translate_x=\u00a0\u00bb0&Prime; dima_z_index=\u00a0\u00bb0&Prime; [&hellip;]<\/p>\n","protected":false},"author":7,"featured_media":0,"parent":0,"menu_order":0,"comment_status":"closed","ping_status":"closed","template":"","meta":{"_bbp_topic_count":0,"_bbp_reply_count":0,"_bbp_total_topic_count":0,"_bbp_total_reply_count":0,"_bbp_voice_count":0,"_bbp_anonymous_reply_count":0,"_bbp_topic_count_hidden":0,"_bbp_reply_count_hidden":0,"_bbp_forum_subforum_count":0,"footnotes":""},"class_list":["post-9324","page","type-page","status-publish","hentry"],"yoast_head":"<!-- This site is optimized with the Yoast SEO plugin v25.8 - https:\/\/yoast.com\/wordpress\/plugins\/seo\/ -->\n<title>Carri\u00e8re - Cafection<\/title>\n<meta name=\"robots\" content=\"index, follow, max-snippet:-1, max-image-preview:large, max-video-preview:-1\" \/>\n<link rel=\"canonical\" href=\"https:\/\/cafection.com\/fr\/career\/\" \/>\n<meta property=\"og:locale\" content=\"fr_FR\" \/>\n<meta property=\"og:type\" content=\"article\" \/>\n<meta property=\"og:title\" content=\"Carri\u00e8re - Cafection\" \/>\n<meta property=\"og:description\" content=\"[vc_row section_content=\u00a0\u00bboutside_container\u00a0\u00bb no_padding=\u00a0\u00bbtrue\u00a0\u00bb bg_type=\u00a0\u00bb\u00a0\u00bb dima_canvas_style=\u00a0\u00bb\u00a0\u00bb translate_x=\u00a0\u00bb0&Prime; dima_z_index=\u00a0\u00bb0&Prime; delay=\u00a0\u00bb\u00a0\u00bb delay_duration=\u00a0\u00bb\u00a0\u00bb delay_offset=\u00a0\u00bb\u00a0\u00bb id=\u00a0\u00bb\u00a0\u00bb class=\u00a0\u00bb\u00a0\u00bb border_color=\u00a0\u00bb\u00a0\u00bb][vc_column min_height=\u00a0\u00bb\u00a0\u00bb bg_type=\u00a0\u00bb\u00a0\u00bb dima_canvas_style=\u00a0\u00bb\u00a0\u00bb translate_x=\u00a0\u00bb0&Prime; dima_z_index=\u00a0\u00bb0&Prime; delay=\u00a0\u00bb\u00a0\u00bb delay_duration=\u00a0\u00bb\u00a0\u00bb delay_offset=\u00a0\u00bb\u00a0\u00bb width=\u00a0\u00bb1\/1&Prime;][\/vc_column][\/vc_row][vc_row bg_type=\u00a0\u00bb\u00a0\u00bb dima_canvas_style=\u00a0\u00bb\u00a0\u00bb translate_x=\u00a0\u00bb0&Prime; dima_z_index=\u00a0\u00bb0&Prime; delay=\u00a0\u00bb\u00a0\u00bb delay_duration=\u00a0\u00bb\u00a0\u00bb delay_offset=\u00a0\u00bb\u00a0\u00bb id=\u00a0\u00bb\u00a0\u00bb class=\u00a0\u00bb\u00a0\u00bb border_color=\u00a0\u00bb\u00a0\u00bb][vc_column min_height=\u00a0\u00bb\u00a0\u00bb bg_type=\u00a0\u00bb\u00a0\u00bb dima_canvas_style=\u00a0\u00bb\u00a0\u00bb translate_x=\u00a0\u00bb0&Prime; dima_z_index=\u00a0\u00bb0&Prime; delay=\u00a0\u00bb\u00a0\u00bb delay_duration=\u00a0\u00bb\u00a0\u00bb delay_offset=\u00a0\u00bb\u00a0\u00bb width=\u00a0\u00bb1\/1&Prime;][vc_row_inner bg_type=\u00a0\u00bb\u00a0\u00bb dima_canvas_style=\u00a0\u00bb\u00a0\u00bb translate_x=\u00a0\u00bb0&Prime; dima_z_index=\u00a0\u00bb0&Prime;][vc_column_inner delay=\u00a0\u00bb\u00a0\u00bb delay_duration=\u00a0\u00bb\u00a0\u00bb delay_offset=\u00a0\u00bb\u00a0\u00bb visibility_xld=\u00a0\u00bbvisible\u00a0\u00bb visibility_ld=\u00a0\u00bbvisible\u00a0\u00bb visibility_md=\u00a0\u00bbvisible\u00a0\u00bb visibility_sd=\u00a0\u00bbhidden\u00a0\u00bb visibility_xsd=\u00a0\u00bbhidden\u00a0\u00bb translate_x=\u00a0\u00bb0&Prime; dima_z_index=\u00a0\u00bb0&Prime; [&hellip;]\" \/>\n<meta property=\"og:url\" content=\"https:\/\/cafection.com\/fr\/career\/\" \/>\n<meta property=\"og:site_name\" content=\"Cafection\" \/>\n<meta property=\"article:modified_time\" content=\"2024-07-18T15:34:35+00:00\" \/>\n<meta name=\"twitter:card\" content=\"summary_large_image\" \/>\n<meta name=\"twitter:label1\" content=\"Dur\u00e9e de lecture estim\u00e9e\" \/>\n\t<meta name=\"twitter:data1\" content=\"3 minutes\" \/>\n<script type=\"application\/ld+json\" class=\"yoast-schema-graph\">{\"@context\":\"https:\/\/schema.org\",\"@graph\":[{\"@type\":\"WebPage\",\"@id\":\"https:\/\/cafection.com\/fr\/career\/\",\"url\":\"https:\/\/cafection.com\/fr\/career\/\",\"name\":\"Carri\u00e8re - Cafection\",\"isPartOf\":{\"@id\":\"https:\/\/cafection.com\/fr\/#website\"},\"datePublished\":\"2024-07-17T12:29:46+00:00\",\"dateModified\":\"2024-07-18T15:34:35+00:00\",\"breadcrumb\":{\"@id\":\"https:\/\/cafection.com\/fr\/career\/#breadcrumb\"},\"inLanguage\":\"fr-FR\",\"potentialAction\":[{\"@type\":\"ReadAction\",\"target\":[\"https:\/\/cafection.com\/fr\/career\/\"]}]},{\"@type\":\"BreadcrumbList\",\"@id\":\"https:\/\/cafection.com\/fr\/career\/#breadcrumb\",\"itemListElement\":[{\"@type\":\"ListItem\",\"position\":1,\"name\":\"Home\",\"item\":\"https:\/\/cafection.com\/fr\/\"},{\"@type\":\"ListItem\",\"position\":2,\"name\":\"Carri\u00e8re\"}]},{\"@type\":\"WebSite\",\"@id\":\"https:\/\/cafection.com\/fr\/#website\",\"url\":\"https:\/\/cafection.com\/fr\/\",\"name\":\"Cafection\",\"description\":\"\",\"publisher\":{\"@id\":\"https:\/\/cafection.com\/fr\/#organization\"},\"potentialAction\":[{\"@type\":\"SearchAction\",\"target\":{\"@type\":\"EntryPoint\",\"urlTemplate\":\"https:\/\/cafection.com\/fr\/?s={search_term_string}\"},\"query-input\":{\"@type\":\"PropertyValueSpecification\",\"valueRequired\":true,\"valueName\":\"search_term_string\"}}],\"inLanguage\":\"fr-FR\"},{\"@type\":\"Organization\",\"@id\":\"https:\/\/cafection.com\/fr\/#organization\",\"name\":\"Cafection\",\"url\":\"https:\/\/cafection.com\/fr\/\",\"logo\":{\"@type\":\"ImageObject\",\"inLanguage\":\"fr-FR\",\"@id\":\"https:\/\/cafection.com\/fr\/#\/schema\/logo\/image\/\",\"url\":\"https:\/\/cafection.com\/wp-content\/uploads\/2024\/05\/Logo_Cafection_noir_marge-1.jpg\",\"contentUrl\":\"https:\/\/cafection.com\/wp-content\/uploads\/2024\/05\/Logo_Cafection_noir_marge-1.jpg\",\"width\":1261,\"height\":902,\"caption\":\"Cafection\"},\"image\":{\"@id\":\"https:\/\/cafection.com\/fr\/#\/schema\/logo\/image\/\"}}]}<\/script>\n<!-- \/ Yoast SEO plugin. -->","yoast_head_json":{"title":"Carri\u00e8re - Cafection","robots":{"index":"index","follow":"follow","max-snippet":"max-snippet:-1","max-image-preview":"max-image-preview:large","max-video-preview":"max-video-preview:-1"},"canonical":"https:\/\/cafection.com\/fr\/career\/","og_locale":"fr_FR","og_type":"article","og_title":"Carri\u00e8re - Cafection","og_description":"[vc_row section_content=\u00a0\u00bboutside_container\u00a0\u00bb no_padding=\u00a0\u00bbtrue\u00a0\u00bb bg_type=\u00a0\u00bb\u00a0\u00bb dima_canvas_style=\u00a0\u00bb\u00a0\u00bb translate_x=\u00a0\u00bb0&Prime; dima_z_index=\u00a0\u00bb0&Prime; delay=\u00a0\u00bb\u00a0\u00bb delay_duration=\u00a0\u00bb\u00a0\u00bb delay_offset=\u00a0\u00bb\u00a0\u00bb id=\u00a0\u00bb\u00a0\u00bb class=\u00a0\u00bb\u00a0\u00bb border_color=\u00a0\u00bb\u00a0\u00bb][vc_column min_height=\u00a0\u00bb\u00a0\u00bb bg_type=\u00a0\u00bb\u00a0\u00bb dima_canvas_style=\u00a0\u00bb\u00a0\u00bb translate_x=\u00a0\u00bb0&Prime; dima_z_index=\u00a0\u00bb0&Prime; delay=\u00a0\u00bb\u00a0\u00bb delay_duration=\u00a0\u00bb\u00a0\u00bb delay_offset=\u00a0\u00bb\u00a0\u00bb width=\u00a0\u00bb1\/1&Prime;][\/vc_column][\/vc_row][vc_row bg_type=\u00a0\u00bb\u00a0\u00bb dima_canvas_style=\u00a0\u00bb\u00a0\u00bb translate_x=\u00a0\u00bb0&Prime; dima_z_index=\u00a0\u00bb0&Prime; delay=\u00a0\u00bb\u00a0\u00bb delay_duration=\u00a0\u00bb\u00a0\u00bb delay_offset=\u00a0\u00bb\u00a0\u00bb id=\u00a0\u00bb\u00a0\u00bb class=\u00a0\u00bb\u00a0\u00bb border_color=\u00a0\u00bb\u00a0\u00bb][vc_column min_height=\u00a0\u00bb\u00a0\u00bb bg_type=\u00a0\u00bb\u00a0\u00bb dima_canvas_style=\u00a0\u00bb\u00a0\u00bb translate_x=\u00a0\u00bb0&Prime; dima_z_index=\u00a0\u00bb0&Prime; delay=\u00a0\u00bb\u00a0\u00bb delay_duration=\u00a0\u00bb\u00a0\u00bb delay_offset=\u00a0\u00bb\u00a0\u00bb width=\u00a0\u00bb1\/1&Prime;][vc_row_inner bg_type=\u00a0\u00bb\u00a0\u00bb dima_canvas_style=\u00a0\u00bb\u00a0\u00bb translate_x=\u00a0\u00bb0&Prime; dima_z_index=\u00a0\u00bb0&Prime;][vc_column_inner delay=\u00a0\u00bb\u00a0\u00bb delay_duration=\u00a0\u00bb\u00a0\u00bb delay_offset=\u00a0\u00bb\u00a0\u00bb visibility_xld=\u00a0\u00bbvisible\u00a0\u00bb visibility_ld=\u00a0\u00bbvisible\u00a0\u00bb visibility_md=\u00a0\u00bbvisible\u00a0\u00bb visibility_sd=\u00a0\u00bbhidden\u00a0\u00bb visibility_xsd=\u00a0\u00bbhidden\u00a0\u00bb translate_x=\u00a0\u00bb0&Prime; dima_z_index=\u00a0\u00bb0&Prime; [&hellip;]","og_url":"https:\/\/cafection.com\/fr\/career\/","og_site_name":"Cafection","article_modified_time":"2024-07-18T15:34:35+00:00","twitter_card":"summary_large_image","twitter_misc":{"Dur\u00e9e de lecture estim\u00e9e":"3 minutes"},"schema":{"@context":"https:\/\/schema.org","@graph":[{"@type":"WebPage","@id":"https:\/\/cafection.com\/fr\/career\/","url":"https:\/\/cafection.com\/fr\/career\/","name":"Carri\u00e8re - Cafection","isPartOf":{"@id":"https:\/\/cafection.com\/fr\/#website"},"datePublished":"2024-07-17T12:29:46+00:00","dateModified":"2024-07-18T15:34:35+00:00","breadcrumb":{"@id":"https:\/\/cafection.com\/fr\/career\/#breadcrumb"},"inLanguage":"fr-FR","potentialAction":[{"@type":"ReadAction","target":["https:\/\/cafection.com\/fr\/career\/"]}]},{"@type":"BreadcrumbList","@id":"https:\/\/cafection.com\/fr\/career\/#breadcrumb","itemListElement":[{"@type":"ListItem","position":1,"name":"Home","item":"https:\/\/cafection.com\/fr\/"},{"@type":"ListItem","position":2,"name":"Carri\u00e8re"}]},{"@type":"WebSite","@id":"https:\/\/cafection.com\/fr\/#website","url":"https:\/\/cafection.com\/fr\/","name":"Cafection","description":"","publisher":{"@id":"https:\/\/cafection.com\/fr\/#organization"},"potentialAction":[{"@type":"SearchAction","target":{"@type":"EntryPoint","urlTemplate":"https:\/\/cafection.com\/fr\/?s={search_term_string}"},"query-input":{"@type":"PropertyValueSpecification","valueRequired":true,"valueName":"search_term_string"}}],"inLanguage":"fr-FR"},{"@type":"Organization","@id":"https:\/\/cafection.com\/fr\/#organization","name":"Cafection","url":"https:\/\/cafection.com\/fr\/","logo":{"@type":"ImageObject","inLanguage":"fr-FR","@id":"https:\/\/cafection.com\/fr\/#\/schema\/logo\/image\/","url":"https:\/\/cafection.com\/wp-content\/uploads\/2024\/05\/Logo_Cafection_noir_marge-1.jpg","contentUrl":"https:\/\/cafection.com\/wp-content\/uploads\/2024\/05\/Logo_Cafection_noir_marge-1.jpg","width":1261,"height":902,"caption":"Cafection"},"image":{"@id":"https:\/\/cafection.com\/fr\/#\/schema\/logo\/image\/"}}]}},"_links":{"self":[{"href":"https:\/\/cafection.com\/fr\/wp-json\/wp\/v2\/pages\/9324","targetHints":{"allow":["GET"]}}],"collection":[{"href":"https:\/\/cafection.com\/fr\/wp-json\/wp\/v2\/pages"}],"about":[{"href":"https:\/\/cafection.com\/fr\/wp-json\/wp\/v2\/types\/page"}],"author":[{"embeddable":true,"href":"https:\/\/cafection.com\/fr\/wp-json\/wp\/v2\/users\/7"}],"replies":[{"embeddable":true,"href":"https:\/\/cafection.com\/fr\/wp-json\/wp\/v2\/comments?post=9324"}],"version-history":[{"count":4,"href":"https:\/\/cafection.com\/fr\/wp-json\/wp\/v2\/pages\/9324\/revisions"}],"predecessor-version":[{"id":9330,"href":"https:\/\/cafection.com\/fr\/wp-json\/wp\/v2\/pages\/9324\/revisions\/9330"}],"wp:attachment":[{"href":"https:\/\/cafection.com\/fr\/wp-json\/wp\/v2\/media?parent=9324"}],"curies":[{"name":"wp","href":"https:\/\/api.w.org\/{rel}","templated":true}]}}